{"id":3829,"date":"2024-09-18T15:42:45","date_gmt":"2024-09-18T15:42:45","guid":{"rendered":"https:\/\/www.carbuccia.corsica\/?p=3829"},"modified":"2025-05-21T09:18:14","modified_gmt":"2025-05-21T07:18:14","slug":"contact","status":"publish","type":"page","link":"https:\/\/www.carbuccia.corsica\/index.php\/contact\/","title":{"rendered":"Contact Mairie \/ ComCom"},"content":{"rendered":"\t\t<div data-elementor-type=\"wp-post\" data-elementor-id=\"3829\" class=\"elementor elementor-3829\">\n\t\t\t\t\t\t<section class=\"elementor-section elementor-top-section elementor-element elementor-element-9211c14 elementor-section-boxed elementor-section-height-default elementor-section-height-default\" data-id=\"9211c14\" data-element_type=\"section\" data-e-type=\"section\">\n\t\t\t\t\t\t<div class=\"elementor-container elementor-column-gap-default\">\n\t\t\t\t\t<div class=\"elementor-column elementor-col-100 elementor-top-column elementor-element elementor-element-74cec8c\" data-id=\"74cec8c\" data-element_type=\"column\" data-e-type=\"column\">\n\t\t\t<div class=\"elementor-widget-wrap elementor-element-populated\">\n\t\t\t\t\t\t<div class=\"elementor-element elementor-element-ac4e645 elementor-widget elementor-widget-heading\" data-id=\"ac4e645\" data-element_type=\"widget\" data-e-type=\"widget\" data-widget_type=\"heading.default\">\n\t\t\t\t<div class=\"elementor-widget-container\">\n\t\t\t\t\t<h2 class=\"elementor-heading-title elementor-size-default\">Mairie<\/h2>\t\t\t\t<\/div>\n\t\t\t\t<\/div>\n\t\t\t\t\t<\/div>\n\t\t<\/div>\n\t\t\t\t\t<\/div>\n\t\t<\/section>\n\t\t\t\t<section class=\"elementor-section elementor-top-section elementor-element elementor-element-ca1f49d elementor-section-boxed elementor-section-height-default elementor-section-height-default\" data-id=\"ca1f49d\" data-element_type=\"section\" data-e-type=\"section\">\n\t\t\t\t\t\t<div class=\"elementor-container elementor-column-gap-default\">\n\t\t\t\t\t<div class=\"elementor-column elementor-col-50 elementor-top-column elementor-element elementor-element-4254cb8\" data-id=\"4254cb8\" data-element_type=\"column\" data-e-type=\"column\">\n\t\t\t<div class=\"elementor-widget-wrap elementor-element-populated\">\n\t\t\t\t\t\t<div class=\"elementor-element elementor-element-b414fd5 elementor-widget elementor-widget-text-editor\" data-id=\"b414fd5\" data-element_type=\"widget\" data-e-type=\"widget\" data-widget_type=\"text-editor.default\">\n\t\t\t\t<div class=\"elementor-widget-container\">\n\t\t\t\t\t\t\t\t\t<p><strong class=\"notranslate\" style=\"text-align: start; color: #363531; font-family: 'Helvetica Neue', Helvetica, Arial, sans-serif; font-size: 14px;\">\u2709 <\/strong>mairiecarbuccia@gmail.com<\/p><p>\ud83d\udcde 04 95 52 81 25<\/p><p>\ud83d\udccdCasa Cumuna, 20133 Carbuccia<\/p>\t\t\t\t\t\t\t\t<\/div>\n\t\t\t\t<\/div>\n\t\t\t\t\t<\/div>\n\t\t<\/div>\n\t\t\t\t<div class=\"elementor-column elementor-col-50 elementor-top-column elementor-element elementor-element-56c296a\" data-id=\"56c296a\" data-element_type=\"column\" data-e-type=\"column\">\n\t\t\t<div class=\"elementor-widget-wrap elementor-element-populated\">\n\t\t\t\t\t\t<div class=\"elementor-element elementor-element-2528bab elementor-widget elementor-widget-text-editor\" data-id=\"2528bab\" data-element_type=\"widget\" data-e-type=\"widget\" data-widget_type=\"text-editor.default\">\n\t\t\t\t<div class=\"elementor-widget-container\">\n\t\t\t\t\t\t\t\t\t<p><span style=\"text-decoration: underline;\"><strong>H<\/strong><\/span><b><u>oraires d&rsquo;ouverture :<\/u><\/b><\/p><p>Lundi, Mardi : 8h30 &#8211; 16h30<\/p><p>Mercredi, Jeudi, Vendredi : 8h30 &#8211; 12h30<\/p>\t\t\t\t\t\t\t\t<\/div>\n\t\t\t\t<\/div>\n\t\t\t\t\t<\/div>\n\t\t<\/div>\n\t\t\t\t\t<\/div>\n\t\t<\/section>\n\t\t\t\t<section class=\"elementor-section elementor-top-section elementor-element elementor-element-f3b2d11 elementor-section-boxed elementor-section-height-default elementor-section-height-default\" data-id=\"f3b2d11\" data-element_type=\"section\" data-e-type=\"section\">\n\t\t\t\t\t\t<div class=\"elementor-container elementor-column-gap-default\">\n\t\t\t\t\t<div class=\"elementor-column elementor-col-100 elementor-top-column elementor-element elementor-element-79aa2e6\" data-id=\"79aa2e6\" data-element_type=\"column\" data-e-type=\"column\">\n\t\t\t<div class=\"elementor-widget-wrap elementor-element-populated\">\n\t\t\t\t\t\t<div class=\"elementor-element elementor-element-4218694 elementor-widget elementor-widget-button\" data-id=\"4218694\" data-element_type=\"widget\" data-e-type=\"widget\" data-widget_type=\"button.default\">\n\t\t\t\t<div class=\"elementor-widget-container\">\n\t\t\t\t\t\t\t\t\t<div class=\"elementor-button-wrapper\">\n\t\t\t\t\t<a class=\"elementor-button elementor-button-link elementor-size-sm\" href=\"https:\/\/www.carbuccia.corsica\/index.php\/2020\/11\/27\/artuculu-2\/\">\n\t\t\t\t\t\t<span class=\"elementor-button-content-wrapper\">\n\t\t\t\t\t\t\t\t\t<span class=\"elementor-button-text\">Forumulaire de contact mairie<\/span>\n\t\t\t\t\t<\/span>\n\t\t\t\t\t<\/a>\n\t\t\t\t<\/div>\n\t\t\t\t\t\t\t\t<\/div>\n\t\t\t\t<\/div>\n\t\t\t\t\t<\/div>\n\t\t<\/div>\n\t\t\t\t\t<\/div>\n\t\t<\/section>\n\t\t\t\t<section class=\"elementor-section elementor-top-section elementor-element elementor-element-27eed98 elementor-section-boxed elementor-section-height-default elementor-section-height-default\" data-id=\"27eed98\" data-element_type=\"section\" data-e-type=\"section\">\n\t\t\t\t\t\t<div class=\"elementor-container elementor-column-gap-default\">\n\t\t\t\t\t<div class=\"elementor-column elementor-col-100 elementor-top-column elementor-element elementor-element-94799f5\" data-id=\"94799f5\" data-element_type=\"column\" data-e-type=\"column\">\n\t\t\t<div class=\"elementor-widget-wrap elementor-element-populated\">\n\t\t\t\t\t\t<div class=\"elementor-element elementor-element-c7e0b38 elementor-widget elementor-widget-google_maps\" data-id=\"c7e0b38\" data-element_type=\"widget\" data-e-type=\"widget\" data-widget_type=\"google_maps.default\">\n\t\t\t\t<div class=\"elementor-widget-container\">\n\t\t\t\t\t\t\t<div class=\"elementor-custom-embed\">\n\t\t\t<iframe loading=\"lazy\"\n\t\t\t\t\tsrc=\"https:\/\/maps.google.com\/maps?q=mairie%20de%20carbuccia&#038;t=m&#038;z=13&#038;output=embed&#038;iwloc=near\"\n\t\t\t\t\ttitle=\"mairie de carbuccia\"\n\t\t\t\t\taria-label=\"mairie de carbuccia\"\n\t\t\t><\/iframe>\n\t\t<\/div>\n\t\t\t\t\t\t<\/div>\n\t\t\t\t<\/div>\n\t\t\t\t\t<\/div>\n\t\t<\/div>\n\t\t\t\t\t<\/div>\n\t\t<\/section>\n\t\t\t\t<section class=\"elementor-section elementor-top-section elementor-element elementor-element-5e93f61 elementor-section-boxed elementor-section-height-default elementor-section-height-default\" data-id=\"5e93f61\" data-element_type=\"section\" data-e-type=\"section\">\n\t\t\t\t\t\t<div class=\"elementor-container elementor-column-gap-default\">\n\t\t\t\t\t<div class=\"elementor-column elementor-col-100 elementor-top-column elementor-element elementor-element-460296d\" data-id=\"460296d\" data-element_type=\"column\" data-e-type=\"column\">\n\t\t\t<div class=\"elementor-widget-wrap elementor-element-populated\">\n\t\t\t\t\t\t<div class=\"elementor-element elementor-element-23b7b8c elementor-widget elementor-widget-spacer\" data-id=\"23b7b8c\" data-element_type=\"widget\" data-e-type=\"widget\" data-widget_type=\"spacer.default\">\n\t\t\t\t<div class=\"elementor-widget-container\">\n\t\t\t\t\t\t\t<div class=\"elementor-spacer\">\n\t\t\t<div class=\"elementor-spacer-inner\"><\/div>\n\t\t<\/div>\n\t\t\t\t\t\t<\/div>\n\t\t\t\t<\/div>\n\t\t\t\t\t<\/div>\n\t\t<\/div>\n\t\t\t\t\t<\/div>\n\t\t<\/section>\n\t\t\t\t<section class=\"elementor-section elementor-top-section elementor-element elementor-element-47ceaf0 elementor-section-boxed elementor-section-height-default elementor-section-height-default\" data-id=\"47ceaf0\" data-element_type=\"section\" data-e-type=\"section\">\n\t\t\t\t\t\t<div class=\"elementor-container elementor-column-gap-default\">\n\t\t\t\t\t<div class=\"elementor-column elementor-col-100 elementor-top-column elementor-element elementor-element-c5b3700\" data-id=\"c5b3700\" data-element_type=\"column\" data-e-type=\"column\">\n\t\t\t<div class=\"elementor-widget-wrap elementor-element-populated\">\n\t\t\t\t\t\t<div class=\"elementor-element elementor-element-35c8ca4 elementor-widget elementor-widget-heading\" data-id=\"35c8ca4\" data-element_type=\"widget\" data-e-type=\"widget\" data-widget_type=\"heading.default\">\n\t\t\t\t<div class=\"elementor-widget-container\">\n\t\t\t\t\t<h2 class=\"elementor-heading-title elementor-size-default\">Communaut\u00e9 des Communes du Celavu Prunelli<\/h2>\t\t\t\t<\/div>\n\t\t\t\t<\/div>\n\t\t\t\t\t<\/div>\n\t\t<\/div>\n\t\t\t\t\t<\/div>\n\t\t<\/section>\n\t\t\t\t<section class=\"elementor-section elementor-top-section elementor-element elementor-element-833b617 elementor-section-boxed elementor-section-height-default elementor-section-height-default\" data-id=\"833b617\" data-element_type=\"section\" data-e-type=\"section\">\n\t\t\t\t\t\t<div class=\"elementor-container elementor-column-gap-default\">\n\t\t\t\t\t<div class=\"elementor-column elementor-col-100 elementor-top-column elementor-element elementor-element-2416e19\" data-id=\"2416e19\" data-element_type=\"column\" data-e-type=\"column\">\n\t\t\t<div class=\"elementor-widget-wrap elementor-element-populated\">\n\t\t\t\t\t\t<div class=\"elementor-element elementor-element-d052dfb elementor-widget elementor-widget-spacer\" data-id=\"d052dfb\" data-element_type=\"widget\" data-e-type=\"widget\" data-widget_type=\"spacer.default\">\n\t\t\t\t<div class=\"elementor-widget-container\">\n\t\t\t\t\t\t\t<div class=\"elementor-spacer\">\n\t\t\t<div class=\"elementor-spacer-inner\"><\/div>\n\t\t<\/div>\n\t\t\t\t\t\t<\/div>\n\t\t\t\t<\/div>\n\t\t\t\t\t<\/div>\n\t\t<\/div>\n\t\t\t\t\t<\/div>\n\t\t<\/section>\n\t\t\t\t<section class=\"elementor-section elementor-top-section elementor-element elementor-element-637b647 elementor-section-boxed elementor-section-height-default elementor-section-height-default\" data-id=\"637b647\" data-element_type=\"section\" data-e-type=\"section\">\n\t\t\t\t\t\t<div class=\"elementor-container elementor-column-gap-default\">\n\t\t\t\t\t<div class=\"elementor-column elementor-col-50 elementor-top-column elementor-element elementor-element-528e5d0\" data-id=\"528e5d0\" data-element_type=\"column\" data-e-type=\"column\">\n\t\t\t<div class=\"elementor-widget-wrap elementor-element-populated\">\n\t\t\t\t\t\t<div class=\"elementor-element elementor-element-b3e07c9 elementor-widget elementor-widget-text-editor\" data-id=\"b3e07c9\" data-element_type=\"widget\" data-e-type=\"widget\" data-widget_type=\"text-editor.default\">\n\t\t\t\t<div class=\"elementor-widget-container\">\n\t\t\t\t\t\t\t\t\t<p><img decoding=\"async\" class=\"emoji\" role=\"img\" draggable=\"false\" src=\"https:\/\/s.w.org\/images\/core\/emoji\/15.0.3\/svg\/1f4de.svg\" alt=\"\ud83d\udcde\" \/> 04 95 52 84 59<\/p><p><img decoding=\"async\" class=\"emoji\" role=\"img\" draggable=\"false\" src=\"https:\/\/s.w.org\/images\/core\/emoji\/15.0.3\/svg\/1f4cd.svg\" alt=\"\ud83d\udccd\" \/>A Costa, 20133 Carbuccia<\/p><p>\ud83d\udcbb <a href=\"http:\/\/celavu-prunelli.fr\/\">celavu-prunelli.fr<\/a><\/p>\t\t\t\t\t\t\t\t<\/div>\n\t\t\t\t<\/div>\n\t\t\t\t\t<\/div>\n\t\t<\/div>\n\t\t\t\t<div class=\"elementor-column elementor-col-50 elementor-top-column elementor-element elementor-element-bafbd79\" data-id=\"bafbd79\" data-element_type=\"column\" data-e-type=\"column\">\n\t\t\t<div class=\"elementor-widget-wrap elementor-element-populated\">\n\t\t\t\t\t\t<div class=\"elementor-element elementor-element-ca76977 elementor-widget elementor-widget-text-editor\" data-id=\"ca76977\" data-element_type=\"widget\" data-e-type=\"widget\" data-widget_type=\"text-editor.default\">\n\t\t\t\t<div class=\"elementor-widget-container\">\n\t\t\t\t\t\t\t\t\t<p><span style=\"text-decoration: underline;\"><strong>H<\/strong><\/span><b><u>oraires d&rsquo;ouverture :<\/u><\/b>\u00a0<\/p><p>Lundi au Vendredi : 8h30 &#8211; 16h30<\/p>\t\t\t\t\t\t\t\t<\/div>\n\t\t\t\t<\/div>\n\t\t\t\t\t<\/div>\n\t\t<\/div>\n\t\t\t\t\t<\/div>\n\t\t<\/section>\n\t\t\t\t<section class=\"elementor-section elementor-top-section elementor-element elementor-element-6dd1410 elementor-section-boxed elementor-section-height-default elementor-section-height-default\" data-id=\"6dd1410\" data-element_type=\"section\" data-e-type=\"section\">\n\t\t\t\t\t\t<div class=\"elementor-container elementor-column-gap-default\">\n\t\t\t\t\t<div class=\"elementor-column elementor-col-100 elementor-top-column elementor-element elementor-element-adc370b\" data-id=\"adc370b\" data-element_type=\"column\" data-e-type=\"column\">\n\t\t\t<div class=\"elementor-widget-wrap elementor-element-populated\">\n\t\t\t\t\t\t<div class=\"elementor-element elementor-element-8230cbf elementor-widget elementor-widget-text-editor\" data-id=\"8230cbf\" data-element_type=\"widget\" data-e-type=\"widget\" data-widget_type=\"text-editor.default\">\n\t\t\t\t<div class=\"elementor-widget-container\">\n\t\t\t\t\t\t\t\t\t<p>Si\u00e8ge : <img decoding=\"async\" class=\"emoji\" role=\"img\" draggable=\"false\" src=\"https:\/\/s.w.org\/images\/core\/emoji\/15.0.3\/svg\/1f4cd.svg\" alt=\"\ud83d\udccd\" \/>Lieu dit Fontanaccia 20129 Bastelicaccia\u00a0 <img decoding=\"async\" class=\"emoji\" role=\"img\" draggable=\"false\" src=\"https:\/\/s.w.org\/images\/core\/emoji\/15.0.3\/svg\/1f4de.svg\" alt=\"\ud83d\udcde\" \/> 04 95 29 19 40\u00a0 \u00a0<strong class=\"notranslate\" style=\"text-align: start; color: #363531; font-family: 'Helvetica Neue', Helvetica, Arial, sans-serif; font-size: 14px;\"><img decoding=\"async\" class=\"emoji\" role=\"img\" draggable=\"false\" src=\"https:\/\/s.w.org\/images\/core\/emoji\/15.0.3\/svg\/2709.svg\" alt=\"\u2709\" \/>\u00a0<\/strong>contact@cc-cp.fr<\/p>\t\t\t\t\t\t\t\t<\/div>\n\t\t\t\t<\/div>\n\t\t\t\t\t<\/div>\n\t\t<\/div>\n\t\t\t\t\t<\/div>\n\t\t<\/section>\n\t\t\t\t<section class=\"elementor-section elementor-top-section elementor-element elementor-element-a6595a9 elementor-section-boxed elementor-section-height-default elementor-section-height-default\" data-id=\"a6595a9\" data-element_type=\"section\" data-e-type=\"section\">\n\t\t\t\t\t\t<div class=\"elementor-container elementor-column-gap-default\">\n\t\t\t\t\t<div class=\"elementor-column elementor-col-100 elementor-top-column elementor-element elementor-element-f32bc73\" data-id=\"f32bc73\" data-element_type=\"column\" data-e-type=\"column\">\n\t\t\t<div class=\"elementor-widget-wrap elementor-element-populated\">\n\t\t\t\t\t\t<div class=\"elementor-element elementor-element-f54efbc elementor-widget elementor-widget-text-editor\" data-id=\"f54efbc\" data-element_type=\"widget\" data-e-type=\"widget\" data-widget_type=\"text-editor.default\">\n\t\t\t\t<div class=\"elementor-widget-container\">\n\t\t\t\t\t\t\t\t\t<p style=\"text-align: center;\"><span style=\"text-decoration: underline;\"><strong>Num\u00e9ros pratiques :<\/strong><\/span><\/p>\t\t\t\t\t\t\t\t<\/div>\n\t\t\t\t<\/div>\n\t\t\t\t\t<\/div>\n\t\t<\/div>\n\t\t\t\t\t<\/div>\n\t\t<\/section>\n\t\t\t\t<section class=\"elementor-section elementor-top-section elementor-element elementor-element-afc804e elementor-section-boxed elementor-section-height-default elementor-section-height-default\" data-id=\"afc804e\" data-element_type=\"section\" data-e-type=\"section\">\n\t\t\t\t\t\t<div class=\"elementor-container elementor-column-gap-default\">\n\t\t\t\t\t<div class=\"elementor-column elementor-col-100 elementor-top-column elementor-element elementor-element-dc7e050\" data-id=\"dc7e050\" data-element_type=\"column\" data-e-type=\"column\">\n\t\t\t<div class=\"elementor-widget-wrap elementor-element-populated\">\n\t\t\t\t\t\t<div class=\"elementor-element elementor-element-2bc1ac4 elementor-widget elementor-widget-text-editor\" data-id=\"2bc1ac4\" data-element_type=\"widget\" data-e-type=\"widget\" data-widget_type=\"text-editor.default\">\n\t\t\t\t<div class=\"elementor-widget-container\">\n\t\t\t\t\t\t\t\t\t<p><span style=\"text-decoration: underline;\"><strong>Comptabilit\u00e9 :<\/strong><\/span> 04 95 52 84 59<\/p><p><span style=\"text-decoration: underline;\"><strong>Cantine Scolaire :<\/strong><\/span> 04 95 52 84 59<\/p><p><span style=\"text-decoration: underline;\"><strong>Service de l&rsquo;urbanisme :<\/strong><\/span> 04 95 29 19 42\u00a0<\/p><p><span style=\"text-decoration: underline;\"><strong>SPANC :<\/strong><\/span> 04 95 29 19 42<\/p><p><span style=\"text-decoration: underline;\"><strong>Service technique de la collecte des d\u00e9chets :<\/strong><\/span> 04 95 29 19 92<\/p><p><span style=\"text-decoration: underline;\"><strong>Eau agricole :<\/strong><\/span> SUSINI Paul Antoine 06 09 87 18 50<\/p><p><span style=\"text-decoration: underline;\"><strong>Contrat \u00e9ducatif local :<\/strong><\/span> 04 95 29 19 43<\/p><p><span style=\"text-decoration: underline;\"><strong>SIVOM Syndicat des \u00e9coles (Carbuccia, Ucciani, Tavera, Bocognano) :<\/strong><\/span><\/p><ul><li><img decoding=\"async\" class=\"emoji\" role=\"img\" draggable=\"false\" src=\"https:\/\/s.w.org\/images\/core\/emoji\/15.0.3\/svg\/1f4cd.svg\" alt=\"\ud83d\udccd\" \/>Syndicat des \u00e9coles, mairie de Carbuccia 20133 Carbuccia<\/li><li><img decoding=\"async\" class=\"emoji\" role=\"img\" draggable=\"false\" src=\"https:\/\/s.w.org\/images\/core\/emoji\/15.0.3\/svg\/1f4de.svg\" alt=\"\ud83d\udcde\" \/> 04 95 52 81 25<\/li><\/ul><p><span style=\"text-decoration: underline;\"><strong>Inscriptions \u00e9coles et garderies :<\/strong><\/span> 04 95 52 81 25 \/ mairiedecarbuccia@orange.fr<\/p><p><span style=\"text-decoration: underline;\"><strong>F\u00e9d\u00e9ration de l&rsquo;AFP de Corse (Carbuccia) :<\/strong><\/span> Mairie de Carbuccia 04 95 52 81 25 \/ SILVANI M\u00e9lissa 06 08 89 43 36<\/p><p><span style=\"text-decoration: underline;\"><strong>CCFF (Comit\u00e9 Communal des Feux de For\u00eats) :<\/strong><\/span><\/p><ul><li>FOULON Franck, Vice-Pr\u00e9sident d\u00e9l\u00e9gu\u00e9 de la commune : 06 29 46 65 52<\/li><li>ORSONI Jean-Fran\u00e7ois, Pr\u00e9sident de l&rsquo;Amicale du CCFF : 06 11 74 51 77<\/li><\/ul>\t\t\t\t\t\t\t\t<\/div>\n\t\t\t\t<\/div>\n\t\t\t\t\t<\/div>\n\t\t<\/div>\n\t\t\t\t\t<\/div>\n\t\t<\/section>\n\t\t\t\t<\/div>\n\t\t","protected":false},"excerpt":{"rendered":"<p>Mairie &#x2709; mairiecarbuccia@gmail.com &#x1f4de; 04 95 52 81 25 &#x1f4cd;Casa Cumuna, 20133 Carbuccia Horaires d&rsquo;ouverture : Lundi, Mardi : 8h30 &#8211; 16h30 Mercredi, Jeudi, Vendredi : 8h30 &#8211; 12h30 Forumulaire de contact mairie Communaut\u00e9 des Communes du Celavu Prunelli 04 95 52 84 59 A Costa, 20133 Carbuccia &#x1f4bb; celavu-prunelli.fr Horaires d&rsquo;ouverture :\u00a0 Lundi au [&hellip;]<\/p>\n","protected":false},"author":1,"featured_media":0,"parent":0,"menu_order":0,"comment_status":"closed","ping_status":"closed","template":"","meta":{"footnotes":""},"class_list":["post-3829","page","type-page","status-publish","hentry"],"_links":{"self":[{"href":"https:\/\/www.carbuccia.corsica\/index.php\/wp-json\/wp\/v2\/pages\/3829","targetHints":{"allow":["GET"]}}],"collection":[{"href":"https:\/\/www.carbuccia.corsica\/index.php\/wp-json\/wp\/v2\/pages"}],"about":[{"href":"https:\/\/www.carbuccia.corsica\/index.php\/wp-json\/wp\/v2\/types\/page"}],"author":[{"embeddable":true,"href":"https:\/\/www.carbuccia.corsica\/index.php\/wp-json\/wp\/v2\/users\/1"}],"replies":[{"embeddable":true,"href":"https:\/\/www.carbuccia.corsica\/index.php\/wp-json\/wp\/v2\/comments?post=3829"}],"version-history":[{"count":50,"href":"https:\/\/www.carbuccia.corsica\/index.php\/wp-json\/wp\/v2\/pages\/3829\/revisions"}],"predecessor-version":[{"id":4336,"href":"https:\/\/www.carbuccia.corsica\/index.php\/wp-json\/wp\/v2\/pages\/3829\/revisions\/4336"}],"wp:attachment":[{"href":"https:\/\/www.carbuccia.corsica\/index.php\/wp-json\/wp\/v2\/media?parent=3829"}],"curies":[{"name":"wp","href":"https:\/\/api.w.org\/{rel}","templated":true}]}}