{"id":55,"date":"2020-11-27T04:11:06","date_gmt":"2020-11-27T04:11:06","guid":{"rendered":"https:\/\/www.carbuccia.corsica\/?p=55"},"modified":"2024-09-20T13:21:28","modified_gmt":"2024-09-20T13:21:28","slug":"artuculu-2","status":"publish","type":"page","link":"https:\/\/www.carbuccia.corsica\/index.php\/artuculu-2\/","title":{"rendered":"Formulaire de contact"},"content":{"rendered":"\t\t<div data-elementor-type=\"wp-post\" data-elementor-id=\"55\" class=\"elementor elementor-55\">\n\t\t\t\t\t\t<section class=\"elementor-section elementor-top-section elementor-element elementor-element-71817d1 elementor-section-boxed elementor-section-height-default elementor-section-height-default\" data-id=\"71817d1\" data-element_type=\"section\" data-e-type=\"section\">\n\t\t\t\t\t\t<div class=\"elementor-container elementor-column-gap-default\">\n\t\t\t\t\t<div class=\"elementor-column elementor-col-100 elementor-top-column elementor-element elementor-element-867404c\" data-id=\"867404c\" data-element_type=\"column\" data-e-type=\"column\">\n\t\t\t<div class=\"elementor-widget-wrap elementor-element-populated\">\n\t\t\t\t\t\t<div class=\"elementor-element elementor-element-4bba157 elementor-widget elementor-widget-text-editor\" data-id=\"4bba157\" data-element_type=\"widget\" data-e-type=\"widget\" data-widget_type=\"text-editor.default\">\n\t\t\t\t<div class=\"elementor-widget-container\">\n\t\t\t\t\t\t\t\t\t<div class=\"forminator-ui forminator-custom-form forminator-custom-form-677 forminator-design--default  forminator_ajax\" data-forminator-render=\"0\" data-form=\"forminator-module-677\" data-uid=\"69fc670753ab5\"><br\/><\/div><form\n\t\t\t\tid=\"forminator-module-677\"\n\t\t\t\tclass=\"forminator-ui forminator-custom-form forminator-custom-form-677 forminator-design--default  forminator_ajax\"\n\t\t\t\tmethod=\"post\"\n\t\t\t\tdata-forminator-render=\"0\"\n\t\t\t\tdata-form-id=\"677\"\n\t\t\t\tenctype=\"multipart\/form-data\" data-color-option=\"default\" data-design=\"default\" data-grid=\"open\" style=\"display: none;\"\n\t\t\t\tdata-uid=\"69fc670753ab5\"\n\t\t\t><div role=\"alert\" aria-live=\"polite\" class=\"forminator-response-message forminator-error\" aria-hidden=\"true\"><\/div><div class=\"forminator-row\"><div id=\"name-1\" class=\"forminator-field-name forminator-col forminator-col-6 \"><div class=\"forminator-field\"><label for=\"forminator-field-name-1_69fc670753ab5\" id=\"forminator-field-name-1_69fc670753ab5-label\" class=\"forminator-label\">Pr\u00e9nom <span class=\"forminator-required\">*<\/span><\/label><input type=\"text\" name=\"name-1\" value=\"\" placeholder=\"Par exemple\u00a0: \u00ab\u00a0Jean\u00a0\u00bb\" id=\"forminator-field-name-1_69fc670753ab5\" class=\"forminator-input forminator-name--field\" aria-required=\"true\" autocomplete=\"name\" \/><\/div><\/div><div id=\"name-2\" class=\"forminator-field-name forminator-col forminator-col-6 \"><div class=\"forminator-field\"><label for=\"forminator-field-name-2_69fc670753ab5\" id=\"forminator-field-name-2_69fc670753ab5-label\" class=\"forminator-label\">Nom<\/label><input type=\"text\" name=\"name-2\" value=\"\" placeholder=\"Par exemple\u00a0: \u00ab\u00a0Jacques Martin\u00a0\u00bb\" id=\"forminator-field-name-2_69fc670753ab5\" class=\"forminator-input forminator-name--field\" aria-required=\"false\" autocomplete=\"name\" \/><\/div><\/div><\/div><div class=\"forminator-row\"><div id=\"email-1\" class=\"forminator-field-email forminator-col forminator-col-12 \"><div class=\"forminator-field\"><label for=\"forminator-field-email-1_69fc670753ab5\" id=\"forminator-field-email-1_69fc670753ab5-label\" class=\"forminator-label\">Adresse de messagerie <span class=\"forminator-required\">*<\/span><\/label><input type=\"email\" name=\"email-1\" value=\"\" placeholder=\"Par exemple\u00a0: jacques@martin.com\" id=\"forminator-field-email-1_69fc670753ab5\" class=\"forminator-input forminator-email--field\" data-required=\"true\" aria-required=\"true\" autocomplete=\"email\" \/><\/div><\/div><\/div><div class=\"forminator-row\"><div id=\"select-1\" class=\"forminator-field-select forminator-col forminator-col-6 \"><div class=\"forminator-field\"><label for=\"forminator-form-677__field--select-1_69fc670753ab5\" id=\"forminator-form-677__field--select-1_69fc670753ab5-label\" class=\"forminator-label\">Objet<\/label><select  id=\"forminator-form-677__field--select-1_69fc670753ab5\" class=\"forminator-select--field forminator-select2 forminator-select2-multiple\" data-required=\"\" name=\"select-1\" data-default-value=\"\" data-hidden-behavior=\"zero\" data-placeholder=\"Choisissez l&#039;objet de votre demande\" data-search=\"false\" data-search-placeholder=\"Choisissez l&#039;objet de votre demande\" data-checkbox=\"false\" data-allow-clear=\"false\" aria-labelledby=\"forminator-form-677__field--select-1_69fc670753ab5-label\"><option value=\"\"  >Choisissez l&#039;objet de votre demande<\/option><option value=\"two\"  data-calculation=\"0\">Etat Civil<\/option><option value=\"Garderie---Ecole---Cantine\"  data-calculation=\"0\">Garderie \/ Ecole \/ Cantine<\/option><option value=\"Urbanisme\"  data-calculation=\"0\">Urbanisme<\/option><option value=\"Photos-archives\"  data-calculation=\"0\">Photos archives<\/option><option value=\"one\"  data-calculation=\"0\">Demande de rendez vous<\/option><option value=\"Autres-deman\"  data-calculation=\"0\">Autre<\/option><\/select><\/div><\/div><div id=\"phone-1\" class=\"forminator-field-phone forminator-col forminator-col-6 \"><div class=\"forminator-field\"><label for=\"forminator-field-phone-1_69fc670753ab5\" id=\"forminator-field-phone-1_69fc670753ab5-label\" class=\"forminator-label\">Num\u00e9ro de t\u00e9l\u00e9phone<\/label><input type=\"text\" name=\"phone-1\" value=\"\" placeholder=\"Par exemple\u00a0: +1 3004005000\" id=\"forminator-field-phone-1_69fc670753ab5\" class=\"forminator-input forminator-field--phone\" data-required=\"\" aria-required=\"false\" autocomplete=\"off\" \/><\/div><\/div><\/div><div class=\"forminator-row\"><div id=\"textarea-1\" class=\"forminator-field-textarea forminator-col forminator-col-12 \"><div class=\"forminator-field\"><label for=\"forminator-field-textarea-1_69fc670753ab5\" id=\"forminator-field-textarea-1_69fc670753ab5-label\" class=\"forminator-label\">Message<\/label><textarea name=\"textarea-1\" placeholder=\"Saisissez votre message\u2026\" id=\"forminator-field-textarea-1_69fc670753ab5\" class=\"forminator-textarea\" rows=\"6\" style=\"--forminator-textarea-min-height:140px;\" maxlength=\"500\" ><\/textarea><span id=\"forminator-field-textarea-1_69fc670753ab5-description\" class=\"forminator-description\"><span data-limit=\"500\" data-type=\"characters\" data-editor=\"\">0 \/ 500<\/span><\/span><\/div><\/div><\/div><div class=\"forminator-row\"><div id=\"upload-1\" class=\"forminator-field-upload forminator-col forminator-col-12 \"><div class=\"forminator-field\"><label for=\"forminator-field-upload-1_69fc670753ab5\" id=\"forminator-field-upload-1_69fc670753ab5-label\" class=\"forminator-label\">T\u00e9l\u00e9verser un fichier<\/label><div class=\"forminator-file-upload \" data-element=\"upload-1_69fc670753ab5\"><input type=\"file\" name=\"upload-1\" id=\"forminator-field-upload-1_69fc670753ab5\" class=\"forminator-input-file\" accept=\".avif,.jpg,.jpeg,.jpe,.png,.heic,.webp,.doc,.docx,.pdf,.wp,.wpd,.zip,.txt,.asc,.c,.cc,.h,.srt\" tabindex=\"-1\"><button id=\"forminator-field-upload-1_69fc670753ab5_button\" class=\"forminator-button forminator-button-upload\" data-id=\"forminator-field-upload-1_69fc670753ab5\">Choisissez un fichier<\/button><span data-empty-text=\"Aucun fichier s\u00e9lectionn\u00e9\">Aucun fichier s\u00e9lectionn\u00e9<\/span><button class=\"forminator-button-delete\" style=\"display: none;\"><i class=\"forminator-icon-close\" aria-hidden=\"true\"><\/i><span class=\"forminator-screen-reader-only\">Supprimer le fichier t\u00e9l\u00e9vers\u00e9<\/span><\/button><\/div><\/div><\/div><\/div><input type=\"hidden\" name=\"referer_url\" value=\"\" \/><div class=\"forminator-row forminator-row-last\"><div class=\"forminator-col\"><div class=\"forminator-field\"><button class=\"forminator-button forminator-button-submit\">Envoyer le message<\/button><\/div><\/div><\/div><input type=\"hidden\" id=\"forminator_nonce\" name=\"forminator_nonce\" value=\"e1c598249c\" \/><input type=\"hidden\" name=\"_wp_http_referer\" value=\"\/index.php\/wp-json\/wp\/v2\/pages\/55\" \/><input type=\"hidden\" name=\"form_id\" value=\"677\"><input type=\"hidden\" name=\"page_id\" value=\"55\"><input type=\"hidden\" name=\"form_type\" value=\"default\"><input type=\"hidden\" name=\"current_url\" value=\"https:\/\/www.carbuccia.corsica\/index.php\/artuculu-2\/\"><input type=\"hidden\" name=\"render_id\" value=\"0\"><input type=\"hidden\" name=\"action\" value=\"forminator_submit_form_custom-forms\"><\/form>\t\t\t\t\t\t\t\t<\/div>\n\t\t\t\t<\/div>\n\t\t\t\t\t<\/div>\n\t\t<\/div>\n\t\t\t\t\t<\/div>\n\t\t<\/section>\n\t\t\t\t<\/div>\n\t\t","protected":false},"excerpt":{"rendered":"","protected":false},"author":1,"featured_media":678,"parent":0,"menu_order":0,"comment_status":"closed","ping_status":"open","template":"","meta":{"footnotes":""},"class_list":["post-55","page","type-page","status-publish","has-post-thumbnail","hentry"],"_links":{"self":[{"href":"https:\/\/www.carbuccia.corsica\/index.php\/wp-json\/wp\/v2\/pages\/55","targetHints":{"allow":["GET"]}}],"collection":[{"href":"https:\/\/www.carbuccia.corsica\/index.php\/wp-json\/wp\/v2\/pages"}],"about":[{"href":"https:\/\/www.carbuccia.corsica\/index.php\/wp-json\/wp\/v2\/types\/page"}],"author":[{"embeddable":true,"href":"https:\/\/www.carbuccia.corsica\/index.php\/wp-json\/wp\/v2\/users\/1"}],"replies":[{"embeddable":true,"href":"https:\/\/www.carbuccia.corsica\/index.php\/wp-json\/wp\/v2\/comments?post=55"}],"version-history":[{"count":8,"href":"https:\/\/www.carbuccia.corsica\/index.php\/wp-json\/wp\/v2\/pages\/55\/revisions"}],"predecessor-version":[{"id":3590,"href":"https:\/\/www.carbuccia.corsica\/index.php\/wp-json\/wp\/v2\/pages\/55\/revisions\/3590"}],"wp:featuredmedia":[{"embeddable":true,"href":"https:\/\/www.carbuccia.corsica\/index.php\/wp-json\/wp\/v2\/media\/678"}],"wp:attachment":[{"href":"https:\/\/www.carbuccia.corsica\/index.php\/wp-json\/wp\/v2\/media?parent=55"}],"curies":[{"name":"wp","href":"https:\/\/api.w.org\/{rel}","templated":true}]}}